{"id":65805,"date":"2025-09-24T13:27:33","date_gmt":"2025-09-24T11:27:33","guid":{"rendered":"https:\/\/www.ilsorrisodigiorgio.org\/?page_id=65805"},"modified":"2025-12-10T15:40:21","modified_gmt":"2025-12-10T14:40:21","slug":"il-sorriso-di-giorgio-nel-sorriso-dei-bambini","status":"publish","type":"page","link":"https:\/\/www.ilsorrisodigiorgio.org\/index.php\/il-sorriso-di-giorgio-nel-sorriso-dei-bambini\/","title":{"rendered":"Il sorriso di Giorgio nel sorriso dei bambini"},"content":{"rendered":"\n[et_pb_section fb_built=&#8221;1&#8243; theme_builder_area=&#8221;post_content&#8221; _builder_version=&#8221;4.27.4&#8243; _module_preset=&#8221;default&#8221; background_color=&#8221;#fffbc9&#8243; module_alignment=&#8221;left&#8221; custom_margin=&#8221;0px|0px|0px|0px|false|false&#8221; custom_padding=&#8221;0px|0px|0px|0px|false|false&#8221; hover_enabled=&#8221;0&#8243; sticky_enabled=&#8221;0&#8243; sticky_position=&#8221;top&#8221;][et_pb_row _builder_version=&#8221;4.27.4&#8243; _module_preset=&#8221;default&#8221; theme_builder_area=&#8221;post_content&#8221; width=&#8221;86%&#8221; max_width=&#8221;1514px&#8221; hover_enabled=&#8221;0&#8243; sticky_enabled=&#8221;0&#8243;][et_pb_column _builder_version=&#8221;4.27.4&#8243; _module_preset=&#8221;default&#8221; type=&#8221;4_4&#8243; theme_builder_area=&#8221;post_content&#8221;][lwp_divi_breadcrumbs _builder_version=&#8221;4.27.4&#8243; _module_preset=&#8221;default&#8221; theme_builder_area=&#8221;post_content&#8221; link_color=&#8221;#c23031&#8243; module_alignment=&#8221;left&#8221; background_color=&#8221;RGBA(255,255,255,0)&#8221; current_text_color=&#8221;#000000&#8243; module_font=&#8221;|600|||||||&#8221; module_font_size=&#8221;16px&#8221; hover_enabled=&#8221;0&#8243; sticky_enabled=&#8221;0&#8243;][\/lwp_divi_breadcrumbs][\/et_pb_column][\/et_pb_row][\/et_pb_section][et_pb_section fb_built=&#8221;1&#8243; background_color_gradient_stops_1=&#8221;#2b87da 0%|#c7cbd4 100%&#8221; background_color_gradient_end_1=&#8221;#c7cbd4&#8243; admin_label=&#8221;Feature&#8221; _builder_version=&#8221;4.16&#8243; background_color=&#8221;#7f5aff&#8221; custom_padding=&#8221;0|0px|0|0px|false|false&#8221; locked=&#8221;off&#8221; global_colors_info=&#8221;{}&#8221;][et_pb_row column_structure=&#8221;1_2,1_2&#8243; use_custom_gutter=&#8221;on&#8221; gutter_width=&#8221;1&#8243; make_equal=&#8221;on&#8221; padding_top_bottom_link_1=&#8221;true&#8221; padding_top_bottom_link_2=&#8221;true&#8221; module_class=&#8221; et_pb_row_fullwidth&#8221; _builder_version=&#8221;4.27.4&#8243; width=&#8221;100%&#8221; width_tablet=&#8221;100%&#8221; width_phone=&#8221;100%&#8221; width_last_edited=&#8221;on|desktop&#8221; max_width=&#8221;100%&#8221; max_width_tablet=&#8221;100%&#8221; max_width_phone=&#8221;100%&#8221; max_width_last_edited=&#8221;on|desktop&#8221; custom_padding=&#8221;0px|0px|0px|0px&#8221; make_fullwidth=&#8221;on&#8221; global_colors_info=&#8221;{}&#8221;][et_pb_column type=&#8221;1_2&#8243; _builder_version=&#8221;4.27.4&#8243; background_color=&#8221;#fba500&#8243; custom_padding=&#8221;120px|80px|120px|10%&#8221; custom_padding_tablet=&#8221;|10%||10%||true&#8221; custom_padding_phone=&#8221;|10%||10%||true&#8221; custom_padding_last_edited=&#8221;on|tablet&#8221; global_colors_info=&#8221;{}&#8221; padding_tablet=&#8221;|10%||10%||true&#8221; padding_last_edited=&#8221;on|tablet&#8221; custom_padding__hover=&#8221;|||&#8221; padding_phone=&#8221;|10%||10%||true&#8221;][et_pb_text admin_label=&#8221;Title&#8221; _builder_version=&#8221;4.27.4&#8243; text_font=&#8221;&#8211;et_global_body_font|500|||||||&#8221; text_text_color=&#8221;#000000&#8243; text_font_size=&#8221;16px&#8221; text_line_height=&#8221;1.8em&#8221; quote_font=&#8221;||||||||&#8221; header_font=&#8221;||||||||&#8221; header_2_font=&#8221;Londrina Solid|700||on|||||&#8221; header_2_text_color=&#8221;#000000&#8243; header_2_font_size=&#8221;40px&#8221; header_2_letter_spacing=&#8221;6px&#8221; header_2_line_height=&#8221;1.4em&#8221; header_5_font=&#8221;Rubik|700||on|||||&#8221; header_5_text_color=&#8221;#ff9c02&#8243; header_5_letter_spacing=&#8221;5px&#8221; header_5_line_height=&#8221;1.2em&#8221; header_6_font=&#8221;Londrina Solid||||||||&#8221; header_6_text_color=&#8221;#000000&#8243; header_6_font_size=&#8221;24px&#8221; background_layout=&#8221;dark&#8221; max_width=&#8221;600px&#8221; max_width_tablet=&#8221;&#8221; max_width_phone=&#8221;&#8221; max_width_last_edited=&#8221;on|phone&#8221; custom_margin=&#8221;|||&#8221; custom_margin_tablet=&#8221;|70px||70px&#8221; custom_margin_phone=&#8221;|50px||50px&#8221; custom_margin_last_edited=&#8221;off|desktop&#8221; custom_padding=&#8221;|||&#8221; text_line_height_last_edited=&#8221;off|desktop&#8221; header_2_font_size_tablet=&#8221;&#8221; header_2_font_size_phone=&#8221;30px&#8221; header_2_font_size_last_edited=&#8221;on|phone&#8221; locked=&#8221;off&#8221; inline_fonts=&#8221;Sacramento&#8221; global_colors_info=&#8221;{}&#8221;]<h2><span>Il sorriso di Giorgio nel sorriso dei bambini<\/span><\/h2>\n<h6 class=\"vc_custom_heading\">Scuola dell&#8217;infanzia &#8220;Tranquillo Frigerio&#8221;<\/h6>\n<h6 class=\"vc_custom_heading\">Villa d&#8217;Adda (BG)<\/h6>\n<div class=\"wpb_text_column wpb_content_element \">\n<div class=\"wpb_wrapper\">\n<p><strong>Finalit\u00e0 del progetto<\/strong><br \/>Il progetto nasce come sostegno ai bimbi con Bisogni Educativi Speciali che, se seguiti sin dalla pi\u00f9 tenera et\u00e0, hanno sicuramente maggiori possibilit\u00e0 di risolvere, o almeno mitigare, i problemi da cui sono affetti.<\/p>\n<\/div>\n<\/div>[\/et_pb_text][et_pb_button button_url=&#8221;https:\/\/www.ilsorrisodigiorgio.org\/wp-content\/uploads\/2025\/10\/progetto-Il-sorriso-di-Giorgio-nel-sorriso-dei-bambini-.pdf&#8221; button_text=&#8221;Scarica il progetto&#8221; button_alignment=&#8221;left&#8221; _builder_version=&#8221;4.27.4&#8243; custom_button=&#8221;on&#8221; button_text_size=&#8221;15px&#8221; button_text_color=&#8221;#FFFFFF&#8221; button_bg_color=&#8221;#c23031&#8243; button_border_width=&#8221;0px&#8221; button_border_color=&#8221;#fdc210&#8243; button_border_radius=&#8221;100px&#8221; button_letter_spacing=&#8221;1px&#8221; button_font=&#8221;Londrina Solid|300||on|||||&#8221; button_icon=&#8221;&#x24;||divi||400&#8243; button_on_hover=&#8221;off&#8221; custom_margin=&#8221;15px||||false|false&#8221; custom_margin_tablet=&#8221;-57px||||false|false&#8221; custom_margin_phone=&#8221;-58px||||false|false&#8221; custom_margin_last_edited=&#8221;on|phone&#8221; custom_padding=&#8221;15px|50px|15px|40px|true|false&#8221; button_text_color_hover=&#8221;#ffffff&#8221; button_border_color_hover=&#8221;#297FCA&#8221; button_letter_spacing_hover=&#8221;1px&#8221; button_bg_color_hover=&#8221;#297FCA&#8221; global_colors_info=&#8221;{}&#8221; button_one_text_size__hover_enabled=&#8221;off&#8221; button_two_text_size__hover_enabled=&#8221;off&#8221; button_one_text_color__hover_enabled=&#8221;off&#8221; button_two_text_color__hover_enabled=&#8221;off&#8221; button_one_border_width__hover_enabled=&#8221;off&#8221; button_two_border_width__hover_enabled=&#8221;off&#8221; button_one_border_color__hover_enabled=&#8221;off&#8221; button_two_border_color__hover_enabled=&#8221;off&#8221; button_one_border_radius__hover_enabled=&#8221;off&#8221; button_two_border_radius__hover_enabled=&#8221;off&#8221; button_one_letter_spacing__hover_enabled=&#8221;off&#8221; button_two_letter_spacing__hover_enabled=&#8221;off&#8221; button_one_bg_color__hover_enabled=&#8221;off&#8221; button_two_bg_color__hover_enabled=&#8221;off&#8221; button_text_color__hover=&#8221;#343331&#8243; button_text_color__hover_enabled=&#8221;on|hover&#8221; button_bg_color__hover=&#8221;#fdc210&#8243; button_bg_color__hover_enabled=&#8221;on|hover&#8221; button_border_color__hover=&#8221;#FFFFFF&#8221; button_border_color__hover_enabled=&#8221;on|hover&#8221; button_letter_spacing__hover=&#8221;1px&#8221; button_letter_spacing__hover_enabled=&#8221;on|hover&#8221; transform_styles__hover_enabled=&#8221;off|hover&#8221; transform_scale__hover_enabled=&#8221;off|hover&#8221; transform_translate__hover_enabled=&#8221;off|hover&#8221; transform_rotate__hover_enabled=&#8221;off|hover&#8221; transform_skew__hover_enabled=&#8221;off|hover&#8221; transform_origin__hover_enabled=&#8221;off|hover&#8221; button_bg_enable_color__hover=&#8221;on&#8221;][\/et_pb_button][\/et_pb_column][et_pb_column type=&#8221;1_2&#8243; _builder_version=&#8221;4.27.4&#8243; background_color_gradient_direction=&#8221;90deg&#8221; background_color_gradient_start=&#8221;#ff7355&#8243; background_color_gradient_end=&#8221;rgba(255,115,85,0.6)&#8221; background_image=&#8221;https:\/\/www.ilsorrisodigiorgio.org\/wp-content\/uploads\/2025\/09\/scuola-materna-villa-dadda1.jpg&#8221; custom_padding=&#8221;120px|10%|120px|80px&#8221; custom_padding_tablet=&#8221;|10%||10%||true&#8221; custom_padding_phone=&#8221;|10%||10%||true&#8221; custom_padding_last_edited=&#8221;on|tablet&#8221; global_colors_info=&#8221;{}&#8221; padding_tablet=&#8221;|10%||10%||true&#8221; padding_last_edited=&#8221;on|tablet&#8221; custom_padding__hover=&#8221;|||&#8221; padding_phone=&#8221;|10%||10%||true&#8221;][et_pb_divider color=&#8221;rgba(0,0,0,0)&#8221; _builder_version=&#8221;4.16&#8243; height=&#8221;200px&#8221; locked=&#8221;off&#8221; global_colors_info=&#8221;{}&#8221;][\/et_pb_divider][\/et_pb_column][\/et_pb_row][\/et_pb_section][et_pb_section fb_built=&#8221;1&#8243; admin_label=&#8221;Video&#8221; _builder_version=&#8221;4.27.4&#8243; background_color=&#8221;RGBA(255,255,255,0)&#8221; background_image=&#8221;https:\/\/www.ilsorrisodigiorgio.org\/wp-content\/uploads\/2025\/09\/shapes-bg-1.png&#8221; parallax=&#8221;on&#8221; global_colors_info=&#8221;{}&#8221;][et_pb_row column_structure=&#8221;1_4,1_4,1_4,1_4&#8243; _builder_version=&#8221;4.27.4&#8243; max_width=&#8221;1564px&#8221; global_colors_info=&#8221;{}&#8221;][et_pb_column type=&#8221;1_4&#8243; _builder_version=&#8221;4.16&#8243; custom_padding=&#8221;|||&#8221; global_colors_info=&#8221;{}&#8221; custom_padding__hover=&#8221;|||&#8221;][et_pb_image src=&#8221;https:\/\/www.ilsorrisodigiorgio.org\/wp-content\/uploads\/2025\/09\/scuola-materna-villa-dadda5.jpg&#8221; title_text=&#8221;scuola-materna-villa-dadda5&#8243; _builder_version=&#8221;4.27.4&#8243; _module_preset=&#8221;default&#8221; global_colors_info=&#8221;{}&#8221;][\/et_pb_image][\/et_pb_column][et_pb_column type=&#8221;1_4&#8243; _builder_version=&#8221;4.16&#8243; custom_padding=&#8221;|||&#8221; global_colors_info=&#8221;{}&#8221; custom_padding__hover=&#8221;|||&#8221;][et_pb_image src=&#8221;https:\/\/www.ilsorrisodigiorgio.org\/wp-content\/uploads\/2025\/09\/scuola-materna-villa-dadda4.jpg&#8221; title_text=&#8221;scuola-materna-villa-dadda4&#8243; _builder_version=&#8221;4.27.4&#8243; _module_preset=&#8221;default&#8221; global_colors_info=&#8221;{}&#8221;][\/et_pb_image][\/et_pb_column][et_pb_column type=&#8221;1_4&#8243; _builder_version=&#8221;4.16&#8243; custom_padding=&#8221;|||&#8221; global_colors_info=&#8221;{}&#8221; custom_padding__hover=&#8221;|||&#8221;][et_pb_image src=&#8221;https:\/\/www.ilsorrisodigiorgio.org\/wp-content\/uploads\/2025\/09\/scuola-materna-villa-dadda3.jpg&#8221; title_text=&#8221;scuola-materna-villa-dadda3&#8243; _builder_version=&#8221;4.27.4&#8243; _module_preset=&#8221;default&#8221; global_colors_info=&#8221;{}&#8221;][\/et_pb_image][\/et_pb_column][et_pb_column type=&#8221;1_4&#8243; _builder_version=&#8221;4.16&#8243; custom_padding=&#8221;|||&#8221; global_colors_info=&#8221;{}&#8221; custom_padding__hover=&#8221;|||&#8221;][et_pb_image src=&#8221;https:\/\/www.ilsorrisodigiorgio.org\/wp-content\/uploads\/2025\/09\/scuola-materna-villa-dadda2.jpg&#8221; title_text=&#8221;scuola-materna-villa-dadda2&#8243; _builder_version=&#8221;4.27.4&#8243; _module_preset=&#8221;default&#8221; global_colors_info=&#8221;{}&#8221;][\/et_pb_image][\/et_pb_column][\/et_pb_row][\/et_pb_section]\n","protected":false},"excerpt":{"rendered":"<p><div class=\"et_pb_module lwp_divi_breadcrumbs lwp_divi_breadcrumbs_0\">\n\t\t\t\t\n\t\t\t\t\n\t\t\t\t\n\t\t\t\t\n\t\t\t\t\n\t\t\t\t\n\t\t\t\t<div class=\"et_pb_module_inner\">\n\t\t\t\t\t<div class=\"lwp-breadcrumbs\"> <span class=\"before\"><\/span> <span vocab=\"https:\/\/schema.org\/\" typeof=\"BreadcrumbList\"><span property=\"itemListElement\" typeof=\"ListItem\"><a property=\"item\" typeof=\"WebPage\" href=\"https:\/\/www.ilsorrisodigiorgio.org\/\" class=\"home\"><span property=\"name\">Home<\/span><\/a><meta property=\"position\" content=\"1\"><\/span> <span class=\"separator et-pb-icon\">&#x39;<\/span> <\/span><\/div>\n\t\t\t\t<\/div>\n\t\t\t<\/div>Il sorriso di Giorgio nel sorriso dei bambini Scuola dell&#8217;infanzia &#8220;Tranquillo Frigerio&#8221; Villa d&#8217;Adda (BG) Finalit\u00e0 del progettoIl progetto nasce come sostegno ai bimbi con Bisogni Educativi Speciali che, se seguiti sin dalla pi\u00f9 tenera et\u00e0, hanno sicuramente maggiori possibilit\u00e0 di risolvere, o almeno [&hellip;]<\/p>\n","protected":false},"author":2,"featured_media":0,"parent":0,"menu_order":0,"comment_status":"closed","ping_status":"closed","template":"","meta":{"_et_pb_use_builder":"on","_et_pb_old_content":"","_et_gb_content_width":"","footnotes":""},"class_list":["post-65805","page","type-page","status-publish","hentry"],"yoast_head":"<!-- This site is optimized with the Yoast SEO plugin v27.3 - https:\/\/yoast.com\/product\/yoast-seo-wordpress\/ -->\n<title>Il sorriso di Giorgio nel sorriso dei bambini - Il sorriso di Giorgio<\/title>\n<meta name=\"description\" content=\"Il progetto nasce come sostegno ai bimbi con Bisogni Educativi Speciali che, se seguiti sin dalla pi\u00f9 tenera et\u00e0, hanno sicuramente maggiori possibilit\u00e0 di risolvere, o almeno mitigare, i problemi da cui sono affetti.\" \/>\n<meta name=\"robots\" content=\"index, follow, max-snippet:-1, max-image-preview:large, max-video-preview:-1\" \/>\n<link rel=\"canonical\" href=\"https:\/\/www.ilsorrisodigiorgio.org\/index.php\/il-sorriso-di-giorgio-nel-sorriso-dei-bambini\/\" \/>\n<meta property=\"og:locale\" content=\"it_IT\" \/>\n<meta property=\"og:type\" content=\"article\" \/>\n<meta property=\"og:title\" content=\"Il sorriso di Giorgio nel sorriso dei bambini - Il sorriso di Giorgio\" \/>\n<meta property=\"og:description\" content=\"Il progetto nasce come sostegno ai bimbi con Bisogni Educativi Speciali che, se seguiti sin dalla pi\u00f9 tenera et\u00e0, hanno sicuramente maggiori possibilit\u00e0 di risolvere, o almeno mitigare, i problemi da cui sono affetti.\" \/>\n<meta property=\"og:url\" content=\"https:\/\/www.ilsorrisodigiorgio.org\/index.php\/il-sorriso-di-giorgio-nel-sorriso-dei-bambini\/\" \/>\n<meta property=\"og:site_name\" content=\"Il sorriso di Giorgio\" \/>\n<meta property=\"article:modified_time\" content=\"2025-12-10T14:40:21+00:00\" \/>\n<meta name=\"twitter:card\" content=\"summary_large_image\" \/>\n<meta name=\"twitter:label1\" content=\"Tempo di lettura stimato\" \/>\n\t<meta name=\"twitter:data1\" content=\"2 minuti\" \/>\n<script type=\"application\/ld+json\" class=\"yoast-schema-graph\">{\"@context\":\"https:\\\/\\\/schema.org\",\"@graph\":[{\"@type\":\"WebPage\",\"@id\":\"https:\\\/\\\/www.ilsorrisodigiorgio.org\\\/index.php\\\/il-sorriso-di-giorgio-nel-sorriso-dei-bambini\\\/\",\"url\":\"https:\\\/\\\/www.ilsorrisodigiorgio.org\\\/index.php\\\/il-sorriso-di-giorgio-nel-sorriso-dei-bambini\\\/\",\"name\":\"Il sorriso di Giorgio nel sorriso dei bambini - Il sorriso di Giorgio\",\"isPartOf\":{\"@id\":\"https:\\\/\\\/www.ilsorrisodigiorgio.org\\\/#website\"},\"datePublished\":\"2025-09-24T11:27:33+00:00\",\"dateModified\":\"2025-12-10T14:40:21+00:00\",\"description\":\"Il progetto nasce come sostegno ai bimbi con Bisogni Educativi Speciali che, se seguiti sin dalla pi\u00f9 tenera et\u00e0, hanno sicuramente maggiori possibilit\u00e0 di risolvere, o almeno mitigare, i problemi da cui sono affetti.\",\"breadcrumb\":{\"@id\":\"https:\\\/\\\/www.ilsorrisodigiorgio.org\\\/index.php\\\/il-sorriso-di-giorgio-nel-sorriso-dei-bambini\\\/#breadcrumb\"},\"inLanguage\":\"it-IT\",\"potentialAction\":[{\"@type\":\"ReadAction\",\"target\":[\"https:\\\/\\\/www.ilsorrisodigiorgio.org\\\/index.php\\\/il-sorriso-di-giorgio-nel-sorriso-dei-bambini\\\/\"]}]},{\"@type\":\"BreadcrumbList\",\"@id\":\"https:\\\/\\\/www.ilsorrisodigiorgio.org\\\/index.php\\\/il-sorriso-di-giorgio-nel-sorriso-dei-bambini\\\/#breadcrumb\",\"itemListElement\":[{\"@type\":\"ListItem\",\"position\":1,\"name\":\"Home\",\"item\":\"https:\\\/\\\/www.ilsorrisodigiorgio.org\\\/\"},{\"@type\":\"ListItem\",\"position\":2,\"name\":\"Il sorriso di Giorgio nel sorriso dei bambini\"}]},{\"@type\":\"WebSite\",\"@id\":\"https:\\\/\\\/www.ilsorrisodigiorgio.org\\\/#website\",\"url\":\"https:\\\/\\\/www.ilsorrisodigiorgio.org\\\/\",\"name\":\"Il sorriso di Giorgio\",\"description\":\"Associazione Sorriso di Giorgio\",\"publisher\":{\"@id\":\"https:\\\/\\\/www.ilsorrisodigiorgio.org\\\/#organization\"},\"alternateName\":\"Il sorriso di Giorgio\",\"potentialAction\":[{\"@type\":\"SearchAction\",\"target\":{\"@type\":\"EntryPoint\",\"urlTemplate\":\"https:\\\/\\\/www.ilsorrisodigiorgio.org\\\/?s={search_term_string}\"},\"query-input\":{\"@type\":\"PropertyValueSpecification\",\"valueRequired\":true,\"valueName\":\"search_term_string\"}}],\"inLanguage\":\"it-IT\"},{\"@type\":\"Organization\",\"@id\":\"https:\\\/\\\/www.ilsorrisodigiorgio.org\\\/#organization\",\"name\":\"Il sorriso di Giorgio\",\"url\":\"https:\\\/\\\/www.ilsorrisodigiorgio.org\\\/\",\"logo\":{\"@type\":\"ImageObject\",\"inLanguage\":\"it-IT\",\"@id\":\"https:\\\/\\\/www.ilsorrisodigiorgio.org\\\/#\\\/schema\\\/logo\\\/image\\\/\",\"url\":\"https:\\\/\\\/www.ilsorrisodigiorgio.org\\\/wp-content\\\/uploads\\\/2025\\\/09\\\/logo-sorriso-di-giorgio_ODV-1.jpg\",\"contentUrl\":\"https:\\\/\\\/www.ilsorrisodigiorgio.org\\\/wp-content\\\/uploads\\\/2025\\\/09\\\/logo-sorriso-di-giorgio_ODV-1.jpg\",\"width\":400,\"height\":196,\"caption\":\"Il sorriso di Giorgio\"},\"image\":{\"@id\":\"https:\\\/\\\/www.ilsorrisodigiorgio.org\\\/#\\\/schema\\\/logo\\\/image\\\/\"}}]}<\/script>\n<!-- \/ Yoast SEO plugin. -->","yoast_head_json":{"title":"Il sorriso di Giorgio nel sorriso dei bambini - Il sorriso di Giorgio","description":"Il progetto nasce come sostegno ai bimbi con Bisogni Educativi Speciali che, se seguiti sin dalla pi\u00f9 tenera et\u00e0, hanno sicuramente maggiori possibilit\u00e0 di risolvere, o almeno mitigare, i problemi da cui sono affetti.","robots":{"index":"index","follow":"follow","max-snippet":"max-snippet:-1","max-image-preview":"max-image-preview:large","max-video-preview":"max-video-preview:-1"},"canonical":"https:\/\/www.ilsorrisodigiorgio.org\/index.php\/il-sorriso-di-giorgio-nel-sorriso-dei-bambini\/","og_locale":"it_IT","og_type":"article","og_title":"Il sorriso di Giorgio nel sorriso dei bambini - Il sorriso di Giorgio","og_description":"Il progetto nasce come sostegno ai bimbi con Bisogni Educativi Speciali che, se seguiti sin dalla pi\u00f9 tenera et\u00e0, hanno sicuramente maggiori possibilit\u00e0 di risolvere, o almeno mitigare, i problemi da cui sono affetti.","og_url":"https:\/\/www.ilsorrisodigiorgio.org\/index.php\/il-sorriso-di-giorgio-nel-sorriso-dei-bambini\/","og_site_name":"Il sorriso di Giorgio","article_modified_time":"2025-12-10T14:40:21+00:00","twitter_card":"summary_large_image","twitter_misc":{"Tempo di lettura stimato":"2 minuti"},"schema":{"@context":"https:\/\/schema.org","@graph":[{"@type":"WebPage","@id":"https:\/\/www.ilsorrisodigiorgio.org\/index.php\/il-sorriso-di-giorgio-nel-sorriso-dei-bambini\/","url":"https:\/\/www.ilsorrisodigiorgio.org\/index.php\/il-sorriso-di-giorgio-nel-sorriso-dei-bambini\/","name":"Il sorriso di Giorgio nel sorriso dei bambini - Il sorriso di Giorgio","isPartOf":{"@id":"https:\/\/www.ilsorrisodigiorgio.org\/#website"},"datePublished":"2025-09-24T11:27:33+00:00","dateModified":"2025-12-10T14:40:21+00:00","description":"Il progetto nasce come sostegno ai bimbi con Bisogni Educativi Speciali che, se seguiti sin dalla pi\u00f9 tenera et\u00e0, hanno sicuramente maggiori possibilit\u00e0 di risolvere, o almeno mitigare, i problemi da cui sono affetti.","breadcrumb":{"@id":"https:\/\/www.ilsorrisodigiorgio.org\/index.php\/il-sorriso-di-giorgio-nel-sorriso-dei-bambini\/#breadcrumb"},"inLanguage":"it-IT","potentialAction":[{"@type":"ReadAction","target":["https:\/\/www.ilsorrisodigiorgio.org\/index.php\/il-sorriso-di-giorgio-nel-sorriso-dei-bambini\/"]}]},{"@type":"BreadcrumbList","@id":"https:\/\/www.ilsorrisodigiorgio.org\/index.php\/il-sorriso-di-giorgio-nel-sorriso-dei-bambini\/#breadcrumb","itemListElement":[{"@type":"ListItem","position":1,"name":"Home","item":"https:\/\/www.ilsorrisodigiorgio.org\/"},{"@type":"ListItem","position":2,"name":"Il sorriso di Giorgio nel sorriso dei bambini"}]},{"@type":"WebSite","@id":"https:\/\/www.ilsorrisodigiorgio.org\/#website","url":"https:\/\/www.ilsorrisodigiorgio.org\/","name":"Il sorriso di Giorgio","description":"Associazione Sorriso di Giorgio","publisher":{"@id":"https:\/\/www.ilsorrisodigiorgio.org\/#organization"},"alternateName":"Il sorriso di Giorgio","potentialAction":[{"@type":"SearchAction","target":{"@type":"EntryPoint","urlTemplate":"https:\/\/www.ilsorrisodigiorgio.org\/?s={search_term_string}"},"query-input":{"@type":"PropertyValueSpecification","valueRequired":true,"valueName":"search_term_string"}}],"inLanguage":"it-IT"},{"@type":"Organization","@id":"https:\/\/www.ilsorrisodigiorgio.org\/#organization","name":"Il sorriso di Giorgio","url":"https:\/\/www.ilsorrisodigiorgio.org\/","logo":{"@type":"ImageObject","inLanguage":"it-IT","@id":"https:\/\/www.ilsorrisodigiorgio.org\/#\/schema\/logo\/image\/","url":"https:\/\/www.ilsorrisodigiorgio.org\/wp-content\/uploads\/2025\/09\/logo-sorriso-di-giorgio_ODV-1.jpg","contentUrl":"https:\/\/www.ilsorrisodigiorgio.org\/wp-content\/uploads\/2025\/09\/logo-sorriso-di-giorgio_ODV-1.jpg","width":400,"height":196,"caption":"Il sorriso di Giorgio"},"image":{"@id":"https:\/\/www.ilsorrisodigiorgio.org\/#\/schema\/logo\/image\/"}}]}},"_links":{"self":[{"href":"https:\/\/www.ilsorrisodigiorgio.org\/index.php\/wp-json\/wp\/v2\/pages\/65805","targetHints":{"allow":["GET"]}}],"collection":[{"href":"https:\/\/www.ilsorrisodigiorgio.org\/index.php\/wp-json\/wp\/v2\/pages"}],"about":[{"href":"https:\/\/www.ilsorrisodigiorgio.org\/index.php\/wp-json\/wp\/v2\/types\/page"}],"author":[{"embeddable":true,"href":"https:\/\/www.ilsorrisodigiorgio.org\/index.php\/wp-json\/wp\/v2\/users\/2"}],"replies":[{"embeddable":true,"href":"https:\/\/www.ilsorrisodigiorgio.org\/index.php\/wp-json\/wp\/v2\/comments?post=65805"}],"version-history":[{"count":7,"href":"https:\/\/www.ilsorrisodigiorgio.org\/index.php\/wp-json\/wp\/v2\/pages\/65805\/revisions"}],"predecessor-version":[{"id":66250,"href":"https:\/\/www.ilsorrisodigiorgio.org\/index.php\/wp-json\/wp\/v2\/pages\/65805\/revisions\/66250"}],"wp:attachment":[{"href":"https:\/\/www.ilsorrisodigiorgio.org\/index.php\/wp-json\/wp\/v2\/media?parent=65805"}],"curies":[{"name":"wp","href":"https:\/\/api.w.org\/{rel}","templated":true}]}}